{"id":429,"date":"2026-01-27T06:48:59","date_gmt":"2026-01-27T06:48:59","guid":{"rendered":"https:\/\/radioosjakow.pl\/?page_id=429"},"modified":"2026-01-27T06:49:34","modified_gmt":"2026-01-27T06:49:34","slug":"pobudka-na-fali","status":"publish","type":"page","link":"https:\/\/radioosjakow.pl\/?page_id=429","title":{"rendered":"Pobudka na Fali"},"content":{"rendered":"\n<p>Rozpocznij dzie\u0144 z energi\u0105 i u\u015bmiechem! \u201ePobudka na Fali\u201d to poranna audycja pe\u0142na radosnej muzyki, ciekawych informacji i pozytywnej energii, kt\u00f3ra pozwala zacz\u0105\u0107 dzie\u0144 w dobrym nastroju. Prowadz\u0105cy serwuj\u0105 naj\u015bwie\u017csze wiadomo\u015bci z miasta i \u015bwiata, prognoz\u0119 pogody oraz inspiruj\u0105ce ciekawostki, a muzyczne nutki unosz\u0105 si\u0119 jak promienie porannego s\u0142o\u0144ca. To idealny spos\u00f3b, by wsta\u0107 z \u0142\u00f3\u017cka pe\u0142nym si\u0142 i optymizmu.<\/p>\n","protected":false},"excerpt":{"rendered":"<p>Rozpocznij dzie\u0144 z energi\u0105 i u\u015bmiechem! \u201ePobudka na Fali\u201d to poranna audycja pe\u0142na radosnej muzyki, ciekawych informacji i pozytywnej energii, kt\u00f3ra pozwala zacz\u0105\u0107 dzie\u0144 w dobrym nastroju. Prowadz\u0105cy serwuj\u0105 naj\u015bwie\u017csze wiadomo\u015bci z miasta i \u015bwiata, prognoz\u0119 pogody oraz inspiruj\u0105ce ciekawostki, a muzyczne nutki unosz\u0105 si\u0119 jak promienie porannego s\u0142o\u0144ca. To idealny spos\u00f3b, by wsta\u0107 z [&hellip;]<\/p>\n","protected":false},"author":1,"featured_media":430,"parent":0,"menu_order":0,"comment_status":"closed","ping_status":"closed","template":"","meta":{"footnotes":""},"class_list":["post-429","page","type-page","status-publish","has-post-thumbnail","hentry"],"_links":{"self":[{"href":"https:\/\/radioosjakow.pl\/index.php?rest_route=\/wp\/v2\/pages\/429","targetHints":{"allow":["GET"]}}],"collection":[{"href":"https:\/\/radioosjakow.pl\/index.php?rest_route=\/wp\/v2\/pages"}],"about":[{"href":"https:\/\/radioosjakow.pl\/index.php?rest_route=\/wp\/v2\/types\/page"}],"author":[{"embeddable":true,"href":"https:\/\/radioosjakow.pl\/index.php?rest_route=\/wp\/v2\/users\/1"}],"replies":[{"embeddable":true,"href":"https:\/\/radioosjakow.pl\/index.php?rest_route=%2Fwp%2Fv2%2Fcomments&post=429"}],"version-history":[{"count":3,"href":"https:\/\/radioosjakow.pl\/index.php?rest_route=\/wp\/v2\/pages\/429\/revisions"}],"predecessor-version":[{"id":434,"href":"https:\/\/radioosjakow.pl\/index.php?rest_route=\/wp\/v2\/pages\/429\/revisions\/434"}],"wp:featuredmedia":[{"embeddable":true,"href":"https:\/\/radioosjakow.pl\/index.php?rest_route=\/wp\/v2\/media\/430"}],"wp:attachment":[{"href":"https:\/\/radioosjakow.pl\/index.php?rest_route=%2Fwp%2Fv2%2Fmedia&parent=429"}],"curies":[{"name":"wp","href":"https:\/\/api.w.org\/{rel}","templated":true}]}}