{"id":435,"date":"2026-01-27T06:51:08","date_gmt":"2026-01-27T06:51:08","guid":{"rendered":"https:\/\/radioosjakow.pl\/?page_id=435"},"modified":"2026-01-27T06:51:08","modified_gmt":"2026-01-27T06:51:08","slug":"przedpoludnie-na-luzie","status":"publish","type":"page","link":"https:\/\/radioosjakow.pl\/?page_id=435","title":{"rendered":"Przedpo\u0142udnie na Luzie"},"content":{"rendered":"\n<p>Spokojnie, lekko i przyjemnie \u2013 tak wygl\u0105da \u201ePrzedpo\u0142udnie na Luzie\u201d. Poranny program dla wszystkich, kt\u00f3rzy chc\u0105 w przerwie mi\u0119dzy codziennymi obowi\u0105zkami zrelaksowa\u0107 si\u0119 przy dobrej muzyce, lekkich rozmowach i ciekawostkach z \u017cycia lokalnej spo\u0142eczno\u015bci. Studio Radia Osjak\u00f3w wype\u0142nia si\u0119 pozytywn\u0105 atmosfer\u0105, a prowadz\u0105cy dziel\u0105 si\u0119 humorystycznymi komentarzami, anegdotami i inspiracjami na dobry dzie\u0144.<\/p>\n","protected":false},"excerpt":{"rendered":"<p>Spokojnie, lekko i przyjemnie \u2013 tak wygl\u0105da \u201ePrzedpo\u0142udnie na Luzie\u201d. Poranny program dla wszystkich, kt\u00f3rzy chc\u0105 w przerwie mi\u0119dzy codziennymi obowi\u0105zkami zrelaksowa\u0107 si\u0119 przy dobrej muzyce, lekkich rozmowach i ciekawostkach z \u017cycia lokalnej spo\u0142eczno\u015bci. Studio Radia Osjak\u00f3w wype\u0142nia si\u0119 pozytywn\u0105 atmosfer\u0105, a prowadz\u0105cy dziel\u0105 si\u0119 humorystycznymi komentarzami, anegdotami i inspiracjami na dobry dzie\u0144.<\/p>\n","protected":false},"author":1,"featured_media":431,"parent":0,"menu_order":0,"comment_status":"closed","ping_status":"closed","template":"","meta":{"footnotes":""},"class_list":["post-435","page","type-page","status-publish","has-post-thumbnail","hentry"],"_links":{"self":[{"href":"https:\/\/radioosjakow.pl\/index.php?rest_route=\/wp\/v2\/pages\/435","targetHints":{"allow":["GET"]}}],"collection":[{"href":"https:\/\/radioosjakow.pl\/index.php?rest_route=\/wp\/v2\/pages"}],"about":[{"href":"https:\/\/radioosjakow.pl\/index.php?rest_route=\/wp\/v2\/types\/page"}],"author":[{"embeddable":true,"href":"https:\/\/radioosjakow.pl\/index.php?rest_route=\/wp\/v2\/users\/1"}],"replies":[{"embeddable":true,"href":"https:\/\/radioosjakow.pl\/index.php?rest_route=%2Fwp%2Fv2%2Fcomments&post=435"}],"version-history":[{"count":1,"href":"https:\/\/radioosjakow.pl\/index.php?rest_route=\/wp\/v2\/pages\/435\/revisions"}],"predecessor-version":[{"id":436,"href":"https:\/\/radioosjakow.pl\/index.php?rest_route=\/wp\/v2\/pages\/435\/revisions\/436"}],"wp:featuredmedia":[{"embeddable":true,"href":"https:\/\/radioosjakow.pl\/index.php?rest_route=\/wp\/v2\/media\/431"}],"wp:attachment":[{"href":"https:\/\/radioosjakow.pl\/index.php?rest_route=%2Fwp%2Fv2%2Fmedia&parent=435"}],"curies":[{"name":"wp","href":"https:\/\/api.w.org\/{rel}","templated":true}]}}