{"id":654,"date":"2026-02-17T17:16:18","date_gmt":"2026-02-17T17:16:18","guid":{"rendered":"https:\/\/radioosjakow.pl\/?page_id=654"},"modified":"2026-02-17T17:21:53","modified_gmt":"2026-02-17T17:21:53","slug":"strefa-sluchacza","status":"publish","type":"page","link":"https:\/\/radioosjakow.pl\/?page_id=654","title":{"rendered":"STREFA S\u0141UCHACZA"},"content":{"rendered":"\n<p>PLAYER ONLINE<\/p>\n\n\n\n<link href=\"https:\/\/stream20.hosterion.pl\/widgets\/player.css\" rel=\"stylesheet\" type=\"text\/css\">\n<audio preload=\"none\" src=\"https:\/\/stream20.hosterion.pl:7095\/stream?q=wzhykhy5sr\" id=\"song\" ontimeupdate=\"updateTime()\">\n<\/audio>\n<div id=\"audioplayer\" class=\"size-med\">\n  <div id=\"songPlayPause\" onclick=\"playPause('song')\">&#x25b6;<\/div>\n  <div id=\"songStop\" onclick=\"stopSong()\"><\/div>\n  <div id=\"songSlider\" onclick=\"setSongPosition(this,event)\">\n    <div id=\"songTimeA\">0:00<\/div>\n    <div id=\"songTimeB\"><\/div>\n    <div id=\"trackProgress\">\n      <div id=\"songTimeC\">0:00<\/div>\n      <div id=\"songTimeD\">LIVE<\/div>\n    <\/div>\n  <\/div>\n  <div id=\"volume-container\">\n    <div id=\"volume\" onclick=\"muteAudio()\">\n      <div id=\"volume-icon\"><\/div>\n      <span>)<\/span><span>)<\/span><span>)<\/span><\/div>\n    <div id=\"volumeUp\" onclick=\"changeVolume(10, 'up')\">+<\/div>\n    <br>\n    <div id=\"volumeDown\" onclick=\"changeVolume(10, 'down')\">&#8211;<\/div>\n    <div id=\"volumeMeter\" onclick=\"setNewVolume(this,event)\">\n      <div id=\"volumeStatus\"><\/div>\n    <\/div>\n  <\/div>\n<\/div>\n<script src=\"https:\/\/stream20.hosterion.pl\/widgets\/player.js\" type=\"text\/javascript\"><\/script>\n\n\n\n<p><\/p>\n\n\n\n<p>WY\u015aLIJ POZDROWIENIA NA ANTEN\u0118 <\/p>\n\n\n\n<iframe loading=\"lazy\" src=\"https:\/\/radioosjakow.panelradiowy.pl\/embed.php?script=pozdrowienia\" scrolling=\"no\" border=\"0\" marginwidth=\"0\" marginheight=\"0\" frameborder=\"no\" width=\"300\" height=\"250\"><\/iframe>\n\n\n\n<p><\/p>\n\n\n\n<p>WYBIERZ SOBIE UTW\u00d3R I ZOSTA\u0143 DJ RADIA !<\/p>\n\n\n\n<p>Wybierz utw\u00f3r i kliknij przycisk &#8222;REQUEST&#8221; i czekaj a\u017c utw\u00f3r zagra na naszej antenie !<\/p>\n\n\n\n<iframe loading=\"lazy\" src=\"https:\/\/stream20.hosterion.pl\/widget\/requested-tracks\/31\" height=\"100%\" width=\"100%\" frameBorder=\"0\"><\/iframe>\n","protected":false},"excerpt":{"rendered":"<p>PLAYER ONLINE &#x25b6; 0:00 0:00 LIVE ))) + &#8211; WY\u015aLIJ POZDROWIENIA NA ANTEN\u0118 WYBIERZ SOBIE UTW\u00d3R I ZOSTA\u0143 DJ RADIA ! Wybierz utw\u00f3r i kliknij przycisk &#8222;REQUEST&#8221; i czekaj a\u017c utw\u00f3r zagra na naszej antenie !<\/p>\n","protected":false},"author":1,"featured_media":0,"parent":0,"menu_order":0,"comment_status":"closed","ping_status":"closed","template":"","meta":{"footnotes":""},"class_list":["post-654","page","type-page","status-publish","hentry"],"_links":{"self":[{"href":"https:\/\/radioosjakow.pl\/index.php?rest_route=\/wp\/v2\/pages\/654","targetHints":{"allow":["GET"]}}],"collection":[{"href":"https:\/\/radioosjakow.pl\/index.php?rest_route=\/wp\/v2\/pages"}],"about":[{"href":"https:\/\/radioosjakow.pl\/index.php?rest_route=\/wp\/v2\/types\/page"}],"author":[{"embeddable":true,"href":"https:\/\/radioosjakow.pl\/index.php?rest_route=\/wp\/v2\/users\/1"}],"replies":[{"embeddable":true,"href":"https:\/\/radioosjakow.pl\/index.php?rest_route=%2Fwp%2Fv2%2Fcomments&post=654"}],"version-history":[{"count":5,"href":"https:\/\/radioosjakow.pl\/index.php?rest_route=\/wp\/v2\/pages\/654\/revisions"}],"predecessor-version":[{"id":659,"href":"https:\/\/radioosjakow.pl\/index.php?rest_route=\/wp\/v2\/pages\/654\/revisions\/659"}],"wp:attachment":[{"href":"https:\/\/radioosjakow.pl\/index.php?rest_route=%2Fwp%2Fv2%2Fmedia&parent=654"}],"curies":[{"name":"wp","href":"https:\/\/api.w.org\/{rel}","templated":true}]}}